{"id":131,"date":"2024-09-08T19:54:50","date_gmt":"2024-09-08T19:54:50","guid":{"rendered":"http:\/\/idon"},"modified":"2025-01-21T21:44:48","modified_gmt":"2025-01-21T21:44:48","slug":"necklace-2","status":"publish","type":"product","link":"https:\/\/fine-line.ch\/de\/produkt\/necklace-2\/","title":{"rendered":"Modern Wood Necklace"},"content":{"rendered":"<p>Diese elegante Halskette verbindet rohes Messing mit einem handgeschnitzten Holzanh\u00e4nger und vereint moderne \u00c4sthetik mit nat\u00fcrlicher Sch\u00f6nheit \u2013 perfekt f\u00fcr Naturliebhaber und Kunsthandwerks-Fans.<\/p>\n<p><strong>Materialien:<br \/>\n<\/strong>Pendant &#8211; Handmade carved Wood (1.8 cm x 1.7 cm approximately)<br \/>\nChain &#8211; raw brass (1 mm)<\/p>\n<p><strong>L\u00e4nge:<br \/>\n<\/strong>51 cm<\/p>","protected":false},"excerpt":{"rendered":"<p>elegant necklace combines raw brass with a hand-carved wooden pendant<\/p>","protected":false},"featured_media":2554,"comment_status":"open","ping_status":"closed","template":"","meta":{"_themeisle_gutenberg_block_has_review":false},"product_brand":[],"product_cat":[28,43],"product_tag":[],"class_list":{"0":"post-131","1":"product","2":"type-product","3":"status-publish","4":"has-post-thumbnail","6":"product_cat-necklaces","7":"product_cat-wood","9":"first","10":"instock","11":"shipping-taxable","12":"purchasable","13":"product-type-simple"},"_links":{"self":[{"href":"https:\/\/fine-line.ch\/de\/wp-json\/wp\/v2\/product\/131","targetHints":{"allow":["GET"]}}],"collection":[{"href":"https:\/\/fine-line.ch\/de\/wp-json\/wp\/v2\/product"}],"about":[{"href":"https:\/\/fine-line.ch\/de\/wp-json\/wp\/v2\/types\/product"}],"replies":[{"embeddable":true,"href":"https:\/\/fine-line.ch\/de\/wp-json\/wp\/v2\/comments?post=131"}],"wp:featuredmedia":[{"embeddable":true,"href":"https:\/\/fine-line.ch\/de\/wp-json\/wp\/v2\/media\/2554"}],"wp:attachment":[{"href":"https:\/\/fine-line.ch\/de\/wp-json\/wp\/v2\/media?parent=131"}],"wp:term":[{"taxonomy":"product_brand","embeddable":true,"href":"https:\/\/fine-line.ch\/de\/wp-json\/wp\/v2\/product_brand?post=131"},{"taxonomy":"product_cat","embeddable":true,"href":"https:\/\/fine-line.ch\/de\/wp-json\/wp\/v2\/product_cat?post=131"},{"taxonomy":"product_tag","embeddable":true,"href":"https:\/\/fine-line.ch\/de\/wp-json\/wp\/v2\/product_tag?post=131"}],"curies":[{"name":"wp","href":"https:\/\/api.w.org\/{rel}","templated":true}]}}