{"id":101,"date":"2024-09-08T19:54:36","date_gmt":"2024-09-08T19:54:36","guid":{"rendered":"https:\/\/fine-line.ch\/home\/"},"modified":"2025-01-01T19:48:37","modified_gmt":"2025-01-01T19:48:37","slug":"home","status":"publish","type":"page","link":"https:\/\/fine-line.ch\/de\/","title":{"rendered":"Home"},"content":{"rendered":"<div data-elementor-type=\"wp-page\" data-elementor-id=\"101\" class=\"elementor elementor-101\" data-elementor-post-type=\"page\">\n\t\t\t\t<div class=\"elementor-element elementor-element-54b7fa2d e-con-full e-flex e-con e-parent\" data-id=\"54b7fa2d\" data-element_type=\"container\" data-settings=\"{&quot;background_background&quot;:&quot;classic&quot;}\">\n\t\t<div class=\"elementor-element elementor-element-1983f336 e-flex e-con-boxed e-con e-child\" data-id=\"1983f336\" data-element_type=\"container\">\n\t\t\t\t\t<div class=\"e-con-inner\">\n\t\t\t\t<div class=\"elementor-element elementor-element-7485b2b9 elementor-widget__width-initial elementor-widget elementor-widget-text-editor\" data-id=\"7485b2b9\" data-element_type=\"widget\" data-widget_type=\"text-editor.default\">\n\t\t\t\t<div class=\"elementor-widget-container\">\n\t\t\t\t\t\t\t\t\t<p>Spezialisiert auf feinen Schmuck<\/p><p>inspiriert von der Sch\u00f6nheit der Natur<\/p>\t\t\t\t\t\t\t\t<\/div>\n\t\t\t\t<\/div>\n\t\t\t\t<div class=\"elementor-element elementor-element-adf4aae shop-btn elementor-widget elementor-widget-button\" data-id=\"adf4aae\" data-element_type=\"widget\" data-settings=\"{&quot;motion_fx_motion_fx_scrolling&quot;:&quot;yes&quot;,&quot;motion_fx_devices&quot;:[&quot;desktop&quot;,&quot;tablet&quot;,&quot;mobile&quot;]}\" data-widget_type=\"button.default\">\n\t\t\t\t<div class=\"elementor-widget-container\">\n\t\t\t\t\t\t\t\t\t<div class=\"elementor-button-wrapper\">\n\t\t\t\t\t<a class=\"elementor-button elementor-button-link elementor-size-sm\" href=\"https:\/\/fine-line.ch\/de\/shop\/\">\n\t\t\t\t\t\t<span class=\"elementor-button-content-wrapper\">\n\t\t\t\t\t\t\t\t\t<span class=\"elementor-button-text\">jetzt einkaufen<\/span>\n\t\t\t\t\t<\/span>\n\t\t\t\t\t<\/a>\n\t\t\t\t<\/div>\n\t\t\t\t\t\t\t\t<\/div>\n\t\t\t\t<\/div>\n\t\t\t\t\t<\/div>\n\t\t\t\t<\/div>\n\t\t\t\t<\/div>\n\t\t<div class=\"elementor-element elementor-element-0245a87 e-con-full e-flex e-con e-parent\" data-id=\"0245a87\" data-element_type=\"container\">\n\t\t\t\t<div class=\"elementor-element elementor-element-a02f250 elementor-widget elementor-widget-heading\" data-id=\"a02f250\" data-element_type=\"widget\" data-widget_type=\"heading.default\">\n\t\t\t\t<div class=\"elementor-widget-container\">\n\t\t\t\t\t<h2 class=\"elementor-heading-title elementor-size-default\">Bestsellers<\/h2>\t\t\t\t<\/div>\n\t\t\t\t<\/div>\n\t\t\t\t<\/div>\n\t\t<div class=\"elementor-element elementor-element-15080586 e-con-full e-flex e-con e-parent\" data-id=\"15080586\" data-element_type=\"container\">\n\t\t\t\t<div class=\"elementor-element elementor-element-378271e1 elementor-grid-mobile-2 elementor-product-loop-item--align-center elementor-grid-4 elementor-grid-tablet-3 elementor-products-grid elementor-wc-products elementor-widget elementor-widget-woocommerce-products\" data-id=\"378271e1\" data-element_type=\"widget\" data-widget_type=\"woocommerce-products.default\">\n\t\t\t\t<div class=\"elementor-widget-container\">\n\t\t\t\t\t<div class=\"woocommerce columns-4\"><ul class=\"products elementor-grid columns-4\">\n<li class=\"product type-product post-2462 status-publish first instock product_cat-glas-beads product_cat-necklaces product_cat-pearls has-post-thumbnail shipping-taxable purchasable product-type-variable has-default-attributes\">\n\t<a href=\"https:\/\/fine-line.ch\/de\/produkt\/ocean-necklace\/\" class=\"woocommerce-LoopProduct-link woocommerce-loop-product__link\"><img fetchpriority=\"high\" decoding=\"async\" width=\"678\" height=\"816\" src=\"https:\/\/fine-line.ch\/wp-content\/uploads\/2025\/01\/A7304562.jpg\" class=\"attachment-woocommerce_thumbnail size-woocommerce_thumbnail\" alt=\"\" srcset=\"https:\/\/fine-line.ch\/wp-content\/uploads\/2025\/01\/A7304562.jpg 678w, https:\/\/fine-line.ch\/wp-content\/uploads\/2025\/01\/A7304562-565x680.jpg 565w, https:\/\/fine-line.ch\/wp-content\/uploads\/2025\/01\/A7304562-10x12.jpg 10w\" sizes=\"(max-width: 678px) 100vw, 678px\" \/><h2 class=\"woocommerce-loop-product__title\">Ocean Necklace<\/h2>\n\t<span class=\"price\"><span class=\"woocommerce-Price-amount amount\"><bdi>42.00&nbsp;<span class=\"woocommerce-Price-currencySymbol\">&#67;&#72;&#70;<\/span><\/bdi><\/span><\/span>\n<\/a><a href=\"https:\/\/fine-line.ch\/de\/produkt\/ocean-necklace\/\" aria-describedby=\"woocommerce_loop_add_to_cart_link_describedby_2462\" data-quantity=\"1\" class=\"button product_type_variable add_to_cart_button\" data-product_id=\"2462\" data-product_sku=\"211862-7-1\" aria-label=\"W\u00e4hlen Sie die Optionen f\u00fcr \u201eOcean Necklace\u201c\" rel=\"nofollow\" data-no-translation-aria-label=\"\">Add to cart<\/a>\t<span id=\"woocommerce_loop_add_to_cart_link_describedby_2462\" class=\"screen-reader-text\">\n\t\tDieses Produkt weist mehrere Varianten auf. Die Optionen k\u00f6nnen auf der Produktseite gew\u00e4hlt werden\t<\/span>\n<\/li>\n<li class=\"product type-product post-1622 status-publish instock product_cat-bracelets-2 product_cat-gold-plated product_cat-malachite has-post-thumbnail shipping-taxable purchasable product-type-simple\">\n\t<a href=\"https:\/\/fine-line.ch\/de\/produkt\/malachite-bracelet\/\" class=\"woocommerce-LoopProduct-link woocommerce-loop-product__link\"><img decoding=\"async\" width=\"1047\" height=\"1260\" src=\"https:\/\/fine-line.ch\/wp-content\/uploads\/2025\/01\/A7304394.jpg\" class=\"attachment-woocommerce_thumbnail size-woocommerce_thumbnail\" alt=\"\" srcset=\"https:\/\/fine-line.ch\/wp-content\/uploads\/2025\/01\/A7304394.jpg 1047w, https:\/\/fine-line.ch\/wp-content\/uploads\/2025\/01\/A7304394-565x680.jpg 565w, https:\/\/fine-line.ch\/wp-content\/uploads\/2025\/01\/A7304394-851x1024.jpg 851w, https:\/\/fine-line.ch\/wp-content\/uploads\/2025\/01\/A7304394-768x924.jpg 768w, https:\/\/fine-line.ch\/wp-content\/uploads\/2025\/01\/A7304394-10x12.jpg 10w, https:\/\/fine-line.ch\/wp-content\/uploads\/2025\/01\/A7304394-1024x1232.jpg 1024w\" sizes=\"(max-width: 1047px) 100vw, 1047px\" \/><h2 class=\"woocommerce-loop-product__title\">Malachite Bracelet<\/h2>\n\t<span class=\"price\"><span class=\"woocommerce-Price-amount amount\"><bdi>42.00&nbsp;<span class=\"woocommerce-Price-currencySymbol\">&#67;&#72;&#70;<\/span><\/bdi><\/span><\/span>\n<\/a><a href=\"?add-to-cart=1622\" aria-describedby=\"woocommerce_loop_add_to_cart_link_describedby_1622\" data-quantity=\"1\" class=\"button product_type_simple add_to_cart_button ajax_add_to_cart\" data-product_id=\"1622\" data-product_sku=\"211867\" aria-label=\"In den Warenkorb legen: \u201eMalachite Bracelet\u201c\" rel=\"nofollow\" data-success_message=\"\u201eMalachite Bracelet\u201c wurde Ihrem Warenkorb hinzugef\u00fcgt\" data-no-translation-aria-label=\"\" data-no-translation-data-success_message=\"\">Add to cart<\/a>\t<span id=\"woocommerce_loop_add_to_cart_link_describedby_1622\" class=\"screen-reader-text\">\n\t\t\t<\/span>\n<\/li>\n<li class=\"product type-product post-1621 status-publish instock product_cat-bracelets-2 product_cat-citrin product_cat-zircon has-post-thumbnail shipping-taxable purchasable product-type-simple\">\n\t<a href=\"https:\/\/fine-line.ch\/de\/produkt\/citrin-bracelet\/\" class=\"woocommerce-LoopProduct-link woocommerce-loop-product__link\"><img decoding=\"async\" width=\"1231\" height=\"1480\" src=\"https:\/\/fine-line.ch\/wp-content\/uploads\/2025\/01\/A7304294-1231x1480.jpg\" class=\"attachment-woocommerce_thumbnail size-woocommerce_thumbnail\" alt=\"\" srcset=\"https:\/\/fine-line.ch\/wp-content\/uploads\/2025\/01\/A7304294-1231x1480.jpg 1231w, https:\/\/fine-line.ch\/wp-content\/uploads\/2025\/01\/A7304294-565x680.jpg 565w, https:\/\/fine-line.ch\/wp-content\/uploads\/2025\/01\/A7304294-851x1024.jpg 851w, https:\/\/fine-line.ch\/wp-content\/uploads\/2025\/01\/A7304294-768x924.jpg 768w, https:\/\/fine-line.ch\/wp-content\/uploads\/2025\/01\/A7304294-1277x1536.jpg 1277w, https:\/\/fine-line.ch\/wp-content\/uploads\/2025\/01\/A7304294-10x12.jpg 10w, https:\/\/fine-line.ch\/wp-content\/uploads\/2025\/01\/A7304294-1024x1232.jpg 1024w, https:\/\/fine-line.ch\/wp-content\/uploads\/2025\/01\/A7304294.jpg 1347w\" sizes=\"(max-width: 1231px) 100vw, 1231px\" \/><h2 class=\"woocommerce-loop-product__title\">Citrin Bracelet<\/h2>\n\t<span class=\"price\"><span class=\"woocommerce-Price-amount amount\"><bdi>45.00&nbsp;<span class=\"woocommerce-Price-currencySymbol\">&#67;&#72;&#70;<\/span><\/bdi><\/span><\/span>\n<\/a><a href=\"?add-to-cart=1621\" aria-describedby=\"woocommerce_loop_add_to_cart_link_describedby_1621\" data-quantity=\"1\" class=\"button product_type_simple add_to_cart_button ajax_add_to_cart\" data-product_id=\"1621\" data-product_sku=\"211863-1\" aria-label=\"In den Warenkorb legen: \u201eCitrin Bracelet\u201c\" rel=\"nofollow\" data-success_message=\"\u201eCitrin Bracelet\u201c wurde Ihrem Warenkorb hinzugef\u00fcgt\" data-no-translation-aria-label=\"\" data-no-translation-data-success_message=\"\">Add to cart<\/a>\t<span id=\"woocommerce_loop_add_to_cart_link_describedby_1621\" class=\"screen-reader-text\">\n\t\t\t<\/span>\n<\/li>\n<li class=\"product type-product post-1619 status-publish last instock product_cat-bracelets-2 product_cat-silver product_cat-turquoise has-post-thumbnail shipping-taxable purchasable product-type-simple\">\n\t<a href=\"https:\/\/fine-line.ch\/de\/produkt\/turquoise-bracelet\/\" class=\"woocommerce-LoopProduct-link woocommerce-loop-product__link\"><img loading=\"lazy\" decoding=\"async\" width=\"1225\" height=\"1473\" src=\"https:\/\/fine-line.ch\/wp-content\/uploads\/2024\/11\/A7303703.jpg\" class=\"attachment-woocommerce_thumbnail size-woocommerce_thumbnail\" alt=\"\" srcset=\"https:\/\/fine-line.ch\/wp-content\/uploads\/2024\/11\/A7303703.jpg 1225w, https:\/\/fine-line.ch\/wp-content\/uploads\/2024\/11\/A7303703-1024x1231.jpg 1024w, https:\/\/fine-line.ch\/wp-content\/uploads\/2024\/11\/A7303703-565x680.jpg 565w, https:\/\/fine-line.ch\/wp-content\/uploads\/2024\/11\/A7303703-852x1024.jpg 852w, https:\/\/fine-line.ch\/wp-content\/uploads\/2024\/11\/A7303703-768x923.jpg 768w, https:\/\/fine-line.ch\/wp-content\/uploads\/2024\/11\/A7303703-10x12.jpg 10w\" sizes=\"(max-width: 1225px) 100vw, 1225px\" \/><h2 class=\"woocommerce-loop-product__title\">Turquoise Bracelet<\/h2>\n\t<span class=\"price\"><span class=\"woocommerce-Price-amount amount\"><bdi>40.00&nbsp;<span class=\"woocommerce-Price-currencySymbol\">&#67;&#72;&#70;<\/span><\/bdi><\/span><\/span>\n<\/a><a href=\"?add-to-cart=1619\" aria-describedby=\"woocommerce_loop_add_to_cart_link_describedby_1619\" data-quantity=\"1\" class=\"button product_type_simple add_to_cart_button ajax_add_to_cart\" data-product_id=\"1619\" data-product_sku=\"211864\" aria-label=\"In den Warenkorb legen: \u201eTurquoise Bracelet\u201c\" rel=\"nofollow\" data-success_message=\"\u201eTurquoise Bracelet\u201c wurde Ihrem Warenkorb hinzugef\u00fcgt\" data-no-translation-aria-label=\"\" data-no-translation-data-success_message=\"\">Add to cart<\/a>\t<span id=\"woocommerce_loop_add_to_cart_link_describedby_1619\" class=\"screen-reader-text\">\n\t\t\t<\/span>\n<\/li>\n<\/ul>\n<\/div>\t\t\t\t<\/div>\n\t\t\t\t<\/div>\n\t\t\t\t<\/div>\n\t\t<div class=\"elementor-element elementor-element-5727d47 e-con-full e-flex e-con e-parent\" data-id=\"5727d47\" data-element_type=\"container\">\n\t\t<div class=\"elementor-element elementor-element-75e379b e-con-full e-flex e-con e-child\" data-id=\"75e379b\" data-element_type=\"container\" data-settings=\"{&quot;background_background&quot;:&quot;classic&quot;}\">\n\t\t\t\t<div class=\"elementor-element elementor-element-d6a7c41 elementor-widget elementor-widget-text-editor\" data-id=\"d6a7c41\" data-element_type=\"widget\" data-widget_type=\"text-editor.default\">\n\t\t\t\t<div class=\"elementor-widget-container\">\n\t\t\t\t\t\t\t\t\t<h5><strong>Entdecken Sie die Welt von \u201eFineline\u201c\u00a0<\/strong><\/h5><p>einzigartiger Schmuck aus nat\u00fcrlichen Materialien, handgefertigt mit viel Liebe zum Detail. Erfahren Sie mehr \u00fcber die K\u00fcnstlerin, die die zarte Eleganz in jedem St\u00fcck verewigt.<\/p>\t\t\t\t\t\t\t\t<\/div>\n\t\t\t\t<\/div>\n\t\t\t\t<div class=\"elementor-element elementor-element-07a4b64 elementor-align-center shop-btn elementor-widget elementor-widget-button\" data-id=\"07a4b64\" data-element_type=\"widget\" data-settings=\"{&quot;motion_fx_motion_fx_scrolling&quot;:&quot;yes&quot;,&quot;motion_fx_devices&quot;:[&quot;desktop&quot;,&quot;tablet&quot;,&quot;mobile&quot;]}\" data-widget_type=\"button.default\">\n\t\t\t\t<div class=\"elementor-widget-container\">\n\t\t\t\t\t\t\t\t\t<div class=\"elementor-button-wrapper\">\n\t\t\t\t\t<a class=\"elementor-button elementor-button-link elementor-size-sm\" href=\"https:\/\/fine-line.ch\/de\/about\/\">\n\t\t\t\t\t\t<span class=\"elementor-button-content-wrapper\">\n\t\t\t\t\t\t\t\t\t<span class=\"elementor-button-text\">Mehr<\/span>\n\t\t\t\t\t<\/span>\n\t\t\t\t\t<\/a>\n\t\t\t\t<\/div>\n\t\t\t\t\t\t\t\t<\/div>\n\t\t\t\t<\/div>\n\t\t\t\t<\/div>\n\t\t<div class=\"elementor-element elementor-element-26a0fa0 e-con-full e-flex e-con e-child\" data-id=\"26a0fa0\" data-element_type=\"container\" data-settings=\"{&quot;background_background&quot;:&quot;classic&quot;}\">\n\t\t\t\t<\/div>\n\t\t\t\t<\/div>\n\t\t<div class=\"elementor-element elementor-element-724ca624 e-con-full e-flex e-con e-parent\" data-id=\"724ca624\" data-element_type=\"container\">\n\t\t\t\t<div class=\"elementor-element elementor-element-1d76d2f0 elementor-widget elementor-widget-heading\" data-id=\"1d76d2f0\" data-element_type=\"widget\" data-widget_type=\"heading.default\">\n\t\t\t\t<div class=\"elementor-widget-container\">\n\t\t\t\t\t<h2 class=\"elementor-heading-title elementor-size-default\">neuste Produkte<\/h2>\t\t\t\t<\/div>\n\t\t\t\t<\/div>\n\t\t\t\t<\/div>\n\t\t<div class=\"elementor-element elementor-element-fc4c7a3 e-con-full e-flex e-con e-parent\" data-id=\"fc4c7a3\" data-element_type=\"container\">\n\t\t\t\t<div class=\"elementor-element elementor-element-27afa28 elementor-grid-mobile-2 elementor-product-loop-item--align-center elementor-grid-4 elementor-grid-tablet-3 elementor-products-grid elementor-wc-products elementor-widget elementor-widget-woocommerce-products\" data-id=\"27afa28\" data-element_type=\"widget\" data-widget_type=\"woocommerce-products.default\">\n\t\t\t\t<div class=\"elementor-widget-container\">\n\t\t\t\t\t<div class=\"woocommerce columns-4\"><ul class=\"products elementor-grid columns-4\">\n<li class=\"product type-product post-119 status-publish first instock product_cat-brass product_cat-gold-plated product_cat-necklaces product_cat-rutilquarz has-post-thumbnail shipping-taxable purchasable product-type-simple\">\n\t<a href=\"https:\/\/fine-line.ch\/de\/produkt\/rutile-quartz-necklace\/\" class=\"woocommerce-LoopProduct-link woocommerce-loop-product__link\"><img loading=\"lazy\" decoding=\"async\" width=\"1175\" height=\"1414\" src=\"https:\/\/fine-line.ch\/wp-content\/uploads\/2025\/01\/A7304538.jpg\" class=\"attachment-woocommerce_thumbnail size-woocommerce_thumbnail\" alt=\"\" srcset=\"https:\/\/fine-line.ch\/wp-content\/uploads\/2025\/01\/A7304538.jpg 1175w, https:\/\/fine-line.ch\/wp-content\/uploads\/2025\/01\/A7304538-565x680.jpg 565w, https:\/\/fine-line.ch\/wp-content\/uploads\/2025\/01\/A7304538-851x1024.jpg 851w, https:\/\/fine-line.ch\/wp-content\/uploads\/2025\/01\/A7304538-768x924.jpg 768w, https:\/\/fine-line.ch\/wp-content\/uploads\/2025\/01\/A7304538-10x12.jpg 10w, https:\/\/fine-line.ch\/wp-content\/uploads\/2025\/01\/A7304538-1024x1232.jpg 1024w\" sizes=\"(max-width: 1175px) 100vw, 1175px\" \/><h2 class=\"woocommerce-loop-product__title\">Rutile Quartz Necklace<\/h2>\n\t<span class=\"price\"><span class=\"woocommerce-Price-amount amount\"><bdi>110.00&nbsp;<span class=\"woocommerce-Price-currencySymbol\">&#67;&#72;&#70;<\/span><\/bdi><\/span><\/span>\n<\/a><a href=\"?add-to-cart=119\" aria-describedby=\"woocommerce_loop_add_to_cart_link_describedby_119\" data-quantity=\"1\" class=\"button product_type_simple add_to_cart_button ajax_add_to_cart\" data-product_id=\"119\" data-product_sku=\"211862-2\" aria-label=\"In den Warenkorb legen: \u201eRutile Quartz Necklace\u201c\" rel=\"nofollow\" data-success_message=\"\u201eRutile Quartz Necklace\u201c wurde Ihrem Warenkorb hinzugef\u00fcgt\" data-no-translation-aria-label=\"\" data-no-translation-data-success_message=\"\">Add to cart<\/a>\t<span id=\"woocommerce_loop_add_to_cart_link_describedby_119\" class=\"screen-reader-text\">\n\t\t\t<\/span>\n<\/li>\n<li class=\"product type-product post-117 status-publish instock product_cat-gold-plated product_cat-necklaces has-post-thumbnail shipping-taxable purchasable product-type-simple\">\n\t<a href=\"https:\/\/fine-line.ch\/de\/produkt\/scarlet-granat-necklace\/\" class=\"woocommerce-LoopProduct-link woocommerce-loop-product__link\"><img loading=\"lazy\" decoding=\"async\" width=\"1231\" height=\"1480\" src=\"https:\/\/fine-line.ch\/wp-content\/uploads\/2025\/01\/A7304362-1231x1480.jpg\" class=\"attachment-woocommerce_thumbnail size-woocommerce_thumbnail\" alt=\"\" srcset=\"https:\/\/fine-line.ch\/wp-content\/uploads\/2025\/01\/A7304362-1231x1480.jpg 1231w, https:\/\/fine-line.ch\/wp-content\/uploads\/2025\/01\/A7304362-565x680.jpg 565w, https:\/\/fine-line.ch\/wp-content\/uploads\/2025\/01\/A7304362-852x1024.jpg 852w, https:\/\/fine-line.ch\/wp-content\/uploads\/2025\/01\/A7304362-768x923.jpg 768w, https:\/\/fine-line.ch\/wp-content\/uploads\/2025\/01\/A7304362-1277x1536.jpg 1277w, https:\/\/fine-line.ch\/wp-content\/uploads\/2025\/01\/A7304362-10x12.jpg 10w, https:\/\/fine-line.ch\/wp-content\/uploads\/2025\/01\/A7304362-1024x1231.jpg 1024w, https:\/\/fine-line.ch\/wp-content\/uploads\/2025\/01\/A7304362.jpg 1487w\" sizes=\"(max-width: 1231px) 100vw, 1231px\" \/><h2 class=\"woocommerce-loop-product__title\">Scarlet Granat Necklace<\/h2>\n\t<span class=\"price\"><span class=\"woocommerce-Price-amount amount\"><bdi>89.00&nbsp;<span class=\"woocommerce-Price-currencySymbol\">&#67;&#72;&#70;<\/span><\/bdi><\/span><\/span>\n<\/a><a href=\"?add-to-cart=117\" aria-describedby=\"woocommerce_loop_add_to_cart_link_describedby_117\" data-quantity=\"1\" class=\"button product_type_simple add_to_cart_button ajax_add_to_cart\" data-product_id=\"117\" data-product_sku=\"211862-1\" aria-label=\"In den Warenkorb legen: \u201eScarlet Granat Necklace\u201c\" rel=\"nofollow\" data-success_message=\"\u201eScarlet Granat Necklace\u201c wurde Ihrem Warenkorb hinzugef\u00fcgt\" data-no-translation-aria-label=\"\" data-no-translation-data-success_message=\"\">Add to cart<\/a>\t<span id=\"woocommerce_loop_add_to_cart_link_describedby_117\" class=\"screen-reader-text\">\n\t\t\t<\/span>\n<\/li>\n<li class=\"product type-product post-116 status-publish instock product_cat-apatit product_cat-brass product_cat-gold-plated product_cat-necklaces product_cat-pearls has-post-thumbnail shipping-taxable purchasable product-type-simple\">\n\t<a href=\"https:\/\/fine-line.ch\/de\/produkt\/aqua-teal-apatit-necklace\/\" class=\"woocommerce-LoopProduct-link woocommerce-loop-product__link\"><img loading=\"lazy\" decoding=\"async\" width=\"1231\" height=\"1480\" src=\"https:\/\/fine-line.ch\/wp-content\/uploads\/2025\/01\/A7304504-1231x1480.jpg\" class=\"attachment-woocommerce_thumbnail size-woocommerce_thumbnail\" alt=\"\" srcset=\"https:\/\/fine-line.ch\/wp-content\/uploads\/2025\/01\/A7304504-1231x1480.jpg 1231w, https:\/\/fine-line.ch\/wp-content\/uploads\/2025\/01\/A7304504-565x680.jpg 565w, https:\/\/fine-line.ch\/wp-content\/uploads\/2025\/01\/A7304504-852x1024.jpg 852w, https:\/\/fine-line.ch\/wp-content\/uploads\/2025\/01\/A7304504-768x923.jpg 768w, https:\/\/fine-line.ch\/wp-content\/uploads\/2025\/01\/A7304504-10x12.jpg 10w, https:\/\/fine-line.ch\/wp-content\/uploads\/2025\/01\/A7304504-1024x1231.jpg 1024w, https:\/\/fine-line.ch\/wp-content\/uploads\/2025\/01\/A7304504.jpg 1245w\" sizes=\"(max-width: 1231px) 100vw, 1231px\" \/><h2 class=\"woocommerce-loop-product__title\">Aqua Teal Apatit Halskette<\/h2>\n\t<span class=\"price\"><span class=\"woocommerce-Price-amount amount\"><bdi>65.00&nbsp;<span class=\"woocommerce-Price-currencySymbol\">&#67;&#72;&#70;<\/span><\/bdi><\/span><\/span>\n<\/a><a href=\"?add-to-cart=116\" aria-describedby=\"woocommerce_loop_add_to_cart_link_describedby_116\" data-quantity=\"1\" class=\"button product_type_simple add_to_cart_button ajax_add_to_cart\" data-product_id=\"116\" data-product_sku=\"211862\" aria-label=\"In den Warenkorb legen: \u201eAqua Teal Apatit Necklace\u201c\" rel=\"nofollow\" data-success_message=\"\u201eAqua Teal Apatit Necklace\u201c wurde Ihrem Warenkorb hinzugef\u00fcgt\" data-no-translation-aria-label=\"\" data-no-translation-data-success_message=\"\">Add to cart<\/a>\t<span id=\"woocommerce_loop_add_to_cart_link_describedby_116\" class=\"screen-reader-text\">\n\t\t\t<\/span>\n<\/li>\n<li class=\"product type-product post-1618 status-publish last instock product_cat-bracelets-2 product_cat-gold-plated product_cat-rutilquarz product_cat-turmalin has-post-thumbnail shipping-taxable purchasable product-type-simple\">\n\t<a href=\"https:\/\/fine-line.ch\/de\/produkt\/turmalin-rutilquarz-bracelet\/\" class=\"woocommerce-LoopProduct-link woocommerce-loop-product__link\"><img loading=\"lazy\" decoding=\"async\" width=\"1135\" height=\"1365\" src=\"https:\/\/fine-line.ch\/wp-content\/uploads\/2025\/01\/A7304417.jpg\" class=\"attachment-woocommerce_thumbnail size-woocommerce_thumbnail\" alt=\"\" srcset=\"https:\/\/fine-line.ch\/wp-content\/uploads\/2025\/01\/A7304417.jpg 1135w, https:\/\/fine-line.ch\/wp-content\/uploads\/2025\/01\/A7304417-565x680.jpg 565w, https:\/\/fine-line.ch\/wp-content\/uploads\/2025\/01\/A7304417-851x1024.jpg 851w, https:\/\/fine-line.ch\/wp-content\/uploads\/2025\/01\/A7304417-768x924.jpg 768w, https:\/\/fine-line.ch\/wp-content\/uploads\/2025\/01\/A7304417-10x12.jpg 10w, https:\/\/fine-line.ch\/wp-content\/uploads\/2025\/01\/A7304417-1024x1232.jpg 1024w\" sizes=\"(max-width: 1135px) 100vw, 1135px\" \/><h2 class=\"woocommerce-loop-product__title\">Turmalin Rutilquarz Bracelet<\/h2>\n\t<span class=\"price\"><span class=\"woocommerce-Price-amount amount\"><bdi>59.00&nbsp;<span class=\"woocommerce-Price-currencySymbol\">&#67;&#72;&#70;<\/span><\/bdi><\/span><\/span>\n<\/a><a href=\"?add-to-cart=1618\" aria-describedby=\"woocommerce_loop_add_to_cart_link_describedby_1618\" data-quantity=\"1\" class=\"button product_type_simple add_to_cart_button ajax_add_to_cart\" data-product_id=\"1618\" data-product_sku=\"211865\" aria-label=\"In den Warenkorb legen: \u201eTurmalin Rutilquarz Bracelet\u201c\" rel=\"nofollow\" data-success_message=\"\u201eTurmalin Rutilquarz Bracelet\u201c wurde Ihrem Warenkorb hinzugef\u00fcgt\" data-no-translation-aria-label=\"\" data-no-translation-data-success_message=\"\">Add to cart<\/a>\t<span id=\"woocommerce_loop_add_to_cart_link_describedby_1618\" class=\"screen-reader-text\">\n\t\t\t<\/span>\n<\/li>\n<\/ul>\n<\/div>\t\t\t\t<\/div>\n\t\t\t\t<\/div>\n\t\t\t\t<\/div>\n\t\t\t\t<\/div>","protected":false},"excerpt":{"rendered":"<p>Specialised in fine jewellery inspired by the beauty of nature shop now Bestsellers Discover the world of \u201cFineline\u201d\u00a0 unique jewelry made from natural materials, handcrafted with great attention to detail. Find out more about the artist who immortalizes delicate elegance in every piece. read more latest products<\/p>","protected":false},"author":1,"featured_media":0,"parent":0,"menu_order":0,"comment_status":"closed","ping_status":"closed","template":"elementor_header_footer","meta":{"_themeisle_gutenberg_block_has_review":false,"footnotes":""},"class_list":["post-101","page","type-page","status-publish","hentry"],"_links":{"self":[{"href":"https:\/\/fine-line.ch\/de\/wp-json\/wp\/v2\/pages\/101","targetHints":{"allow":["GET"]}}],"collection":[{"href":"https:\/\/fine-line.ch\/de\/wp-json\/wp\/v2\/pages"}],"about":[{"href":"https:\/\/fine-line.ch\/de\/wp-json\/wp\/v2\/types\/page"}],"author":[{"embeddable":true,"href":"https:\/\/fine-line.ch\/de\/wp-json\/wp\/v2\/users\/1"}],"replies":[{"embeddable":true,"href":"https:\/\/fine-line.ch\/de\/wp-json\/wp\/v2\/comments?post=101"}],"version-history":[{"count":571,"href":"https:\/\/fine-line.ch\/de\/wp-json\/wp\/v2\/pages\/101\/revisions"}],"predecessor-version":[{"id":2492,"href":"https:\/\/fine-line.ch\/de\/wp-json\/wp\/v2\/pages\/101\/revisions\/2492"}],"wp:attachment":[{"href":"https:\/\/fine-line.ch\/de\/wp-json\/wp\/v2\/media?parent=101"}],"curies":[{"name":"wp","href":"https:\/\/api.w.org\/{rel}","templated":true}]}}